{"id":98,"date":"2020-05-25T03:24:22","date_gmt":"2020-05-25T06:24:22","guid":{"rendered":"http:\/\/atila.tini.com.br\/?page_id=98"},"modified":"2020-05-25T19:38:01","modified_gmt":"2020-05-25T22:38:01","slug":"sobre","status":"publish","type":"page","link":"http:\/\/atila.tini.com.br\/index.php\/sobre\/","title":{"rendered":"Sobre&#8230;"},"content":{"rendered":"\n<h3 class=\"wp-block-heading\">Atila Tini<\/h3>\n\n\n\n<p>Tecnologista, consultor, pesquisador em ci\u00eancias comportamentais e Professor. Ap\u00f3s s\u00f3lida carreira em Tecnologia (notadamente na passagem pela IBM, trabalhando com Solu\u00e7\u00f5es Complexas em v\u00e1rios pa\u00edses e culturas pela Am\u00e9rica e Europa), desenvolveu s\u00f3lida forma\u00e7\u00e3o e extenso corpo de trabalho envolvendo Psican\u00e1lise, Neuroci\u00eancia e Economia Comportamental. Atuou como especialista, consultor e instrutor para v\u00e1rias companhias, tais como IBM, Sulamerica Seguros, Bradesco, Mapfre, Sura (Peru), AXA (Mexico) e outras.<\/p>\n\n\n\n<p>Criou e desenvolveu o <a href=\"http:\/\/dpofficer.org\/\">dpOfficer.org<\/a>, uma cole\u00e7\u00e3o de recursos (consultivos, educacionais e ferramentas) para Profissionais da Privacidade e para a LGPD e GDPR.<\/p>\n\n\n\n<p>Entusiasta e pesquisador em comportamento humano e rela\u00e7\u00f5es modernas no ambiente de trabalho, tem pesquisado e oferecido educa\u00e7\u00e3o em t\u00f3picos como felicidade no trabalho, desafios de g\u00eanero, habilidades da contemporaneidade, tomada de decis\u00e3o e outros t\u00f3picos relacionados ao bem estar humano nos dias atuais.<\/p>\n\n\n\n<hr class=\"wp-block-separator\"\/>\n\n\n\n<h3 class=\"wp-block-heading\"><em>Atila Tini<\/em><\/h3>\n\n\n\n<p><em>Technologist, consultant, behavioural science researcher and Professor. After pursuing a strong career in Technology (specially working for IBM with Complex Solutions Design in a number of countries and cultures around Americas and Europe), has developed solid formation and body of work in Psychoanalysis, Neuroscience and Behavioural Economics. Has acted as a subject matter expert, consultant and instructor for a number of companies such as IBM, Sulamerica Seguros, Bradesco, Mapfre, Sura (Peru), AXA (Mexico) and others.<\/em><\/p>\n\n\n\n<p><em>Has created and developed <a href=\"http:\/\/dpOfficer.org\">dpOfficer.org<\/a>, a collection of resources (consulting, education and software tools) for Privacy Practitioners and the LGPD\/GDPR.<\/em><\/p>\n\n\n\n<p><em>An enthusiast and researcher in human behaviour and modern work relationships, has recently researched and provided education on happiness at work, gender challenges, contemporary skills, software ethics, decision making and other subjects related to human welfare in modern days.<\/em><\/p>\n","protected":false},"excerpt":{"rendered":"<p>Atila Tini Tecnologista, consultor, pesquisador em ci\u00eancias comportamentais e Professor. Ap\u00f3s s\u00f3lida carreira em Tecnologia (notadamente na passagem pela IBM, trabalhando com Solu\u00e7\u00f5es Complexas em v\u00e1rios pa\u00edses e culturas pela Am\u00e9rica e Europa), desenvolveu s\u00f3lida forma\u00e7\u00e3o e extenso corpo de trabalho envolvendo Psican\u00e1lise, Neuroci\u00eancia e Economia Comportamental. Atuou como especialista, consultor e instrutor para v\u00e1rias &hellip; <a href=\"http:\/\/atila.tini.com.br\/index.php\/sobre\/\" class=\"more-link\">Continue lendo <span class=\"screen-reader-text\">Sobre&#8230;<\/span><\/a><\/p>\n","protected":false},"author":1,"featured_media":0,"parent":0,"menu_order":0,"comment_status":"closed","ping_status":"closed","template":"","meta":{"jetpack_post_was_ever_published":false,"footnotes":""},"tags":[],"jetpack_sharing_enabled":true,"_links":{"self":[{"href":"http:\/\/atila.tini.com.br\/index.php\/wp-json\/wp\/v2\/pages\/98"}],"collection":[{"href":"http:\/\/atila.tini.com.br\/index.php\/wp-json\/wp\/v2\/pages"}],"about":[{"href":"http:\/\/atila.tini.com.br\/index.php\/wp-json\/wp\/v2\/types\/page"}],"author":[{"embeddable":true,"href":"http:\/\/atila.tini.com.br\/index.php\/wp-json\/wp\/v2\/users\/1"}],"replies":[{"embeddable":true,"href":"http:\/\/atila.tini.com.br\/index.php\/wp-json\/wp\/v2\/comments?post=98"}],"version-history":[{"count":4,"href":"http:\/\/atila.tini.com.br\/index.php\/wp-json\/wp\/v2\/pages\/98\/revisions"}],"predecessor-version":[{"id":103,"href":"http:\/\/atila.tini.com.br\/index.php\/wp-json\/wp\/v2\/pages\/98\/revisions\/103"}],"wp:attachment":[{"href":"http:\/\/atila.tini.com.br\/index.php\/wp-json\/wp\/v2\/media?parent=98"}],"wp:term":[{"taxonomy":"post_tag","embeddable":true,"href":"http:\/\/atila.tini.com.br\/index.php\/wp-json\/wp\/v2\/tags?post=98"}],"curies":[{"name":"wp","href":"https:\/\/api.w.org\/{rel}","templated":true}]}}