{"id":72,"date":"2019-09-01T18:30:40","date_gmt":"2019-09-01T21:30:40","guid":{"rendered":"http:\/\/atila.tini.com.br\/?page_id=72"},"modified":"2019-09-01T19:20:35","modified_gmt":"2019-09-01T22:20:35","slug":"cursos-e-palestras","status":"publish","type":"page","link":"http:\/\/atila.tini.com.br\/index.php\/cursos-e-palestras\/","title":{"rendered":"Cursos"},"content":{"rendered":"\n<p>Os cursos comportamentais<\/p>\n\n\n\n<h3 class=\"wp-block-heading\">Bem-estar e Felicidade no Ambiente de Trabalho<\/h3>\n\n\n\n<p>Um curso realista e moderno de pr\u00e1ticas \u00e9ticas com pessoas e Empresas.<\/p>\n\n\n\n<ul><li>4 horas, presencial, <em>in-company<\/em><\/li><li>Material on-line para uso no dia-a-dia<\/li><\/ul>\n\n\n\n<h3 class=\"wp-block-heading\">Diversidade para o Ambiente de Trabalho<\/h3>\n\n\n\n<p>Na conviv\u00eancia entre o Outro e o Eu, \u00e9 importante saber lidar com diferen\u00e7as de g\u00eanero e outras diferen\u00e7as de maneira honesta e respeitosa.  <\/p>\n\n\n\n<ul><li>4 horas, presencial, <em>in-company<\/em><\/li><li>Material on-line para uso no dia-a-dia, em crescente atualiza\u00e7\u00e3o<\/li><\/ul>\n\n\n\n<h3 class=\"wp-block-heading\">Desafios \u00c9ticos no Ambiente de Trabalho<\/h3>\n\n\n\n<p>Um curso realista e moderno de pr\u00e1ticas \u00e9ticas com pessoas e Empresas.<\/p>\n\n\n\n<ul><li>4 horas, presencial, <em>in-company<\/em><\/li><li>Material on-line para uso no dia-a-dia<\/li><\/ul>\n","protected":false},"excerpt":{"rendered":"<p>Os cursos comportamentais Bem-estar e Felicidade no Ambiente de Trabalho Um curso realista e moderno de pr\u00e1ticas \u00e9ticas com pessoas e Empresas. 4 horas, presencial, in-company Material on-line para uso no dia-a-dia Diversidade para o Ambiente de Trabalho Na conviv\u00eancia entre o Outro e o Eu, \u00e9 importante saber lidar com diferen\u00e7as de g\u00eanero e &hellip; <a href=\"http:\/\/atila.tini.com.br\/index.php\/cursos-e-palestras\/\" class=\"more-link\">Continue lendo <span class=\"screen-reader-text\">Cursos<\/span><\/a><\/p>\n","protected":false},"author":1,"featured_media":87,"parent":0,"menu_order":0,"comment_status":"closed","ping_status":"closed","template":"","meta":{"jetpack_post_was_ever_published":false,"footnotes":""},"tags":[],"jetpack_sharing_enabled":true,"_links":{"self":[{"href":"http:\/\/atila.tini.com.br\/index.php\/wp-json\/wp\/v2\/pages\/72"}],"collection":[{"href":"http:\/\/atila.tini.com.br\/index.php\/wp-json\/wp\/v2\/pages"}],"about":[{"href":"http:\/\/atila.tini.com.br\/index.php\/wp-json\/wp\/v2\/types\/page"}],"author":[{"embeddable":true,"href":"http:\/\/atila.tini.com.br\/index.php\/wp-json\/wp\/v2\/users\/1"}],"replies":[{"embeddable":true,"href":"http:\/\/atila.tini.com.br\/index.php\/wp-json\/wp\/v2\/comments?post=72"}],"version-history":[{"count":11,"href":"http:\/\/atila.tini.com.br\/index.php\/wp-json\/wp\/v2\/pages\/72\/revisions"}],"predecessor-version":[{"id":91,"href":"http:\/\/atila.tini.com.br\/index.php\/wp-json\/wp\/v2\/pages\/72\/revisions\/91"}],"wp:featuredmedia":[{"embeddable":true,"href":"http:\/\/atila.tini.com.br\/index.php\/wp-json\/wp\/v2\/media\/87"}],"wp:attachment":[{"href":"http:\/\/atila.tini.com.br\/index.php\/wp-json\/wp\/v2\/media?parent=72"}],"wp:term":[{"taxonomy":"post_tag","embeddable":true,"href":"http:\/\/atila.tini.com.br\/index.php\/wp-json\/wp\/v2\/tags?post=72"}],"curies":[{"name":"wp","href":"https:\/\/api.w.org\/{rel}","templated":true}]}}